{"id":3264,"date":"2025-01-10T01:39:40","date_gmt":"2025-01-10T01:39:40","guid":{"rendered":"https:\/\/hranational.org\/?page_id=3264"},"modified":"2025-01-10T01:40:28","modified_gmt":"2025-01-10T01:40:28","slug":"cogsmart-privacy-policy","status":"publish","type":"page","link":"https:\/\/hranational.org\/es\/cogsmart-privacy-policy\/","title":{"rendered":"Pol\u00edtica de privacidad de COGSmart"},"content":{"rendered":"<p><strong>pol\u00edtica de privacidad<\/strong><\/p>\n\n\n\n<p>Esta pol\u00edtica de privacidad se aplica a la aplicaci\u00f3n COGSmart (en adelante denominada \u201cAplicaci\u00f3n\u201d) para dispositivos m\u00f3viles que fue creada por la Asociaci\u00f3n de Restaurantes Hispanos (en adelante denominada \u201cProveedor de Servicios\u201d) como un servicio gratuito. Este servicio est\u00e1 destinado a usarse \u201cTAL CUAL\u201d.<\/p>\n\n\n\n<p><strong>Recopilaci\u00f3n y uso de informaci\u00f3n<\/strong><\/p>\n\n\n\n<p>La Aplicaci\u00f3n recopila informaci\u00f3n cuando la descargas y la utilizas. Esta informaci\u00f3n puede incluir informaci\u00f3n como:<\/p>\n\n\n\n<ul class=\"wp-block-list\">\n<li>La direcci\u00f3n de protocolo de Internet de su dispositivo (por ejemplo, direcci\u00f3n IP)<\/li>\n\n\n\n<li>Las p\u00e1ginas de la Aplicaci\u00f3n que visita, la hora y fecha de su visita, el tiempo que pasa en esas p\u00e1ginas<\/li>\n\n\n\n<li>El tiempo dedicado a la Aplicaci\u00f3n<\/li>\n\n\n\n<li>El sistema operativo que utilizas en tu dispositivo m\u00f3vil<\/li>\n<\/ul>\n\n\n\n<p>La Aplicaci\u00f3n no recopila informaci\u00f3n precisa sobre la ubicaci\u00f3n de su dispositivo m\u00f3vil.<\/p>\n\n\n\n<p>La Aplicaci\u00f3n recopila la ubicaci\u00f3n de su dispositivo, lo que ayuda al Proveedor de Servicios a determinar su ubicaci\u00f3n geogr\u00e1fica aproximada y hacer uso de ella de las siguientes maneras:<\/p>\n\n\n\n<ul class=\"wp-block-list\">\n<li>Servicios de geolocalizaci\u00f3n: el proveedor de servicios utiliza datos de ubicaci\u00f3n para proporcionar funciones como contenido personalizado, recomendaciones relevantes y servicios basados en la ubicaci\u00f3n.<\/li>\n\n\n\n<li>An\u00e1lisis y mejoras: Los datos de ubicaci\u00f3n agregados y an\u00f3nimos ayudan al proveedor de servicios a analizar el comportamiento del usuario, identificar tendencias y mejorar el rendimiento y la funcionalidad general de la aplicaci\u00f3n.<\/li>\n\n\n\n<li>Servicios de terceros: Peri\u00f3dicamente, el Proveedor de servicios puede transmitir datos de ubicaci\u00f3n an\u00f3nimos a servicios externos. Estos servicios los ayudan a mejorar la Aplicaci\u00f3n y optimizar sus ofertas.<\/li>\n<\/ul>\n\n\n\n<p>El Proveedor de Servicios podr\u00e1 utilizar la informaci\u00f3n que usted proporcion\u00f3 para contactarlo de vez en cuando para brindarle informaci\u00f3n importante, avisos requeridos y promociones de marketing.<\/p>\n\n\n\n<p>Para una mejor experiencia, al utilizar la Aplicaci\u00f3n, el Proveedor de Servicios puede solicitarle que nos proporcione cierta informaci\u00f3n de identificaci\u00f3n personal, que incluye, entre otros, su correo electr\u00f3nico y nombre. La informaci\u00f3n que el Proveedor de Servicios solicite ser\u00e1 retenida por ellos y utilizada como se describe en esta pol\u00edtica de privacidad.<\/p>\n\n\n\n<p><strong>Acceso de terceros<\/strong><\/p>\n\n\n\n<p>Solo se transmiten peri\u00f3dicamente datos agregados y an\u00f3nimos a servicios externos para ayudar al Proveedor de Servicios a mejorar la Aplicaci\u00f3n y su servicio. El Proveedor de Servicios puede compartir su informaci\u00f3n con terceros de las formas que se describen en esta declaraci\u00f3n de privacidad.<\/p>\n\n\n\n<p>Tenga en cuenta que la Aplicaci\u00f3n utiliza servicios de terceros que tienen su propia Pol\u00edtica de privacidad sobre el tratamiento de datos. A continuaci\u00f3n, se incluyen los enlaces a la Pol\u00edtica de privacidad de los proveedores de servicios externos utilizados por la Aplicaci\u00f3n:<\/p>\n\n\n\n<ul class=\"wp-block-list\">\n<li><a href=\"https:\/\/www.google.com\/policies\/privacy\/\">Servicios de Google Play<\/a><\/li>\n<\/ul>\n\n\n\n<p>El Proveedor de Servicios podr\u00e1 divulgar la Informaci\u00f3n Provista por el Usuario y Recopilada Autom\u00e1ticamente:<\/p>\n\n\n\n<ul class=\"wp-block-list\">\n<li>seg\u00fan lo requiera la ley, como para cumplir con una citaci\u00f3n o un proceso legal similar;<\/li>\n\n\n\n<li>cuando creen de buena fe que la divulgaci\u00f3n es necesaria para proteger sus derechos, proteger su seguridad o la seguridad de otros, investigar un fraude o responder a una solicitud del gobierno;<\/li>\n\n\n\n<li>con sus proveedores de servicios de confianza que trabajan en su nombre, no tienen un uso independiente de la informaci\u00f3n que les divulgamos y han acordado cumplir con las reglas establecidas en esta declaraci\u00f3n de privacidad.<\/li>\n<\/ul>\n\n\n\n<p><strong>Derechos de exclusi\u00f3n voluntaria<\/strong><\/p>\n\n\n\n<p>Puede detener f\u00e1cilmente la recopilaci\u00f3n de informaci\u00f3n por parte de la Aplicaci\u00f3n desinstal\u00e1ndola. Puede utilizar los procesos de desinstalaci\u00f3n est\u00e1ndar que est\u00e9n disponibles en su dispositivo m\u00f3vil o a trav\u00e9s de la tienda o red de aplicaciones m\u00f3viles.<\/p>\n\n\n\n<p><strong>Pol\u00edtica de retenci\u00f3n de datos<\/strong><\/p>\n\n\n\n<p>El Proveedor de Servicios conservar\u00e1 los datos proporcionados por el Usuario durante el tiempo que utilice la Aplicaci\u00f3n y durante un tiempo razonable despu\u00e9s de ello. Si desea que eliminen los Datos proporcionados por el Usuario que haya proporcionado a trav\u00e9s de la Aplicaci\u00f3n, comun\u00edquese con ellos a info@hranational.org y le responder\u00e1n en un tiempo razonable.<\/p>\n\n\n\n<p><strong>Ni\u00f1os<\/strong><\/p>\n\n\n\n<p>El Proveedor de Servicios no utiliza la Aplicaci\u00f3n para solicitar deliberadamente datos o comercializar con ni\u00f1os menores de 13 a\u00f1os.<\/p>\n\n\n\n<p>La Aplicaci\u00f3n no est\u00e1 dirigida a ninguna persona menor de 13 a\u00f1os. El Proveedor de Servicios no recopila deliberadamente informaci\u00f3n personal identificable de ni\u00f1os menores de 13 a\u00f1os. En caso de que el Proveedor de Servicios descubra que un ni\u00f1o menor de 13 a\u00f1os ha proporcionado informaci\u00f3n personal, la eliminar\u00e1 inmediatamente de sus servidores. Si usted es padre o tutor y sabe que su hijo nos ha proporcionado informaci\u00f3n personal, comun\u00edquese con el Proveedor de Servicios (info@hranational.org) para que puedan tomar las medidas necesarias.<\/p>\n\n\n\n<p><strong>Seguridad<\/strong><\/p>\n\n\n\n<p>El Proveedor de Servicios se preocupa por salvaguardar la confidencialidad de su informaci\u00f3n. El Proveedor de Servicios proporciona salvaguardas f\u00edsicas, electr\u00f3nicas y de procedimiento para proteger la informaci\u00f3n que procesa y mantiene.<\/p>\n\n\n\n<p><strong>Cambios<\/strong><\/p>\n\n\n\n<p>Esta Pol\u00edtica de privacidad puede actualizarse de vez en cuando por cualquier motivo. El Proveedor de servicios le notificar\u00e1 cualquier cambio en la Pol\u00edtica de privacidad actualizando esta p\u00e1gina con la nueva Pol\u00edtica de privacidad. Se recomienda consultar esta Pol\u00edtica de privacidad peri\u00f3dicamente para conocer los cambios, ya que el uso continuo se considera la aprobaci\u00f3n de todos los cambios.<\/p>\n\n\n\n<p>Esta pol\u00edtica de privacidad entra en vigor a partir del 10\/01\/2025<\/p>\n\n\n\n<p><strong>Su consentimiento<\/strong><\/p>\n\n\n\n<p>Al utilizar la Aplicaci\u00f3n, usted acepta el procesamiento de su informaci\u00f3n tal como se establece en esta Pol\u00edtica de Privacidad ahora y seg\u00fan sea modificada por nosotros.<\/p>\n\n\n\n<p><strong>Cont\u00e1ctenos<\/strong><\/p>\n\n\n\n<p>Si tiene alguna pregunta sobre la privacidad mientras usa la Aplicaci\u00f3n, o tiene preguntas sobre las pr\u00e1cticas, comun\u00edquese con el Proveedor de Servicios por correo electr\u00f3nico a info@hranational.org.<\/p>\n\n\n\n<hr class=\"wp-block-separator has-alpha-channel-opacity\"\/>","protected":false},"excerpt":{"rendered":"<p>Pol\u00edtica de Privacidad Esta pol\u00edtica de privacidad se aplica a la aplicaci\u00f3n COGSmart (en adelante, la \u00abAplicaci\u00f3n\u00bb) para dispositivos m\u00f3viles, creada por la Asociaci\u00f3n Hispana de Restaurantes (en adelante, el \u00abProveedor de Servicios\u00bb) como un servicio gratuito. Este servicio est\u00e1 dise\u00f1ado para usarse \u00abtal cual\u00bb. Recopilaci\u00f3n y uso de informaci\u00f3n: La aplicaci\u00f3n recopila [\u2026]<\/p>","protected":false},"author":1,"featured_media":0,"parent":0,"menu_order":0,"comment_status":"closed","ping_status":"closed","template":"","meta":{"content-type":"","_uag_custom_page_level_css":"","site-sidebar-layout":"default","site-content-layout":"","ast-site-content-layout":"default","site-content-style":"default","site-sidebar-style":"default","ast-global-header-display":"","ast-banner-title-visibility":"","ast-main-header-display":"","ast-hfb-above-header-display":"","ast-hfb-below-header-display":"","ast-hfb-mobile-header-display":"","site-post-title":"","ast-breadcrumbs-content":"","ast-featured-img":"","footer-sml-layout":"","ast-disable-related-posts":"","theme-transparent-header-meta":"","adv-header-id-meta":"","stick-header-meta":"","header-above-stick-meta":"","header-main-stick-meta":"","header-below-stick-meta":"","astra-migrate-meta-layouts":"set","ast-page-background-enabled":"default","ast-page-background-meta":{"desktop":{"background-color":"var(--ast-global-color-4)","background-image":"","background-repeat":"repeat","background-position":"center center","background-size":"auto","background-attachment":"scroll","background-type":"","background-media":"","overlay-type":"","overlay-color":"","overlay-opacity":"","overlay-gradient":""},"tablet":{"background-color":"","background-image":"","background-repeat":"repeat","background-position":"center center","background-size":"auto","background-attachment":"scroll","background-type":"","background-media":"","overlay-type":"","overlay-color":"","overlay-opacity":"","overlay-gradient":""},"mobile":{"background-color":"","background-image":"","background-repeat":"repeat","background-position":"center center","background-size":"auto","background-attachment":"scroll","background-type":"","background-media":"","overlay-type":"","overlay-color":"","overlay-opacity":"","overlay-gradient":""}},"ast-content-background-meta":{"desktop":{"background-color":"var(--ast-global-color-5)","background-image":"","background-repeat":"repeat","background-position":"center center","background-size":"auto","background-attachment":"scroll","background-type":"","background-media":"","overlay-type":"","overlay-color":"","overlay-opacity":"","overlay-gradient":""},"tablet":{"background-color":"var(--ast-global-color-5)","background-image":"","background-repeat":"repeat","background-position":"center center","background-size":"auto","background-attachment":"scroll","background-type":"","background-media":"","overlay-type":"","overlay-color":"","overlay-opacity":"","overlay-gradient":""},"mobile":{"background-color":"var(--ast-global-color-5)","background-image":"","background-repeat":"repeat","background-position":"center center","background-size":"auto","background-attachment":"scroll","background-type":"","background-media":"","overlay-type":"","overlay-color":"","overlay-opacity":"","overlay-gradient":""}},"footnotes":""},"class_list":["post-3264","page","type-page","status-publish","hentry"],"spectra_custom_meta":{"_edit_lock":["1736473253:1"],"content-type":[""],"_uag_custom_page_level_css":[""],"site-sidebar-layout":["default"],"site-content-layout":[""],"ast-site-content-layout":["default"],"site-content-style":["default"],"site-sidebar-style":["default"],"ast-global-header-display":[""],"ast-banner-title-visibility":[""],"ast-main-header-display":[""],"ast-hfb-above-header-display":[""],"ast-hfb-below-header-display":[""],"ast-hfb-mobile-header-display":[""],"site-post-title":[""],"ast-breadcrumbs-content":[""],"ast-featured-img":[""],"footer-sml-layout":[""],"theme-transparent-header-meta":[""],"adv-header-id-meta":[""],"stick-header-meta":[""],"header-above-stick-meta":[""],"header-main-stick-meta":[""],"header-below-stick-meta":[""],"astra-migrate-meta-layouts":["set"],"ast-page-background-enabled":["default"],"ast-page-background-meta":["a:3:{s:7:\"desktop\";a:12:{s:16:\"background-color\";s:25:\"var(--ast-global-color-4)\";s:16:\"background-image\";s:0:\"\";s:17:\"background-repeat\";s:6:\"repeat\";s:19:\"background-position\";s:13:\"center center\";s:15:\"background-size\";s:4:\"auto\";s:21:\"background-attachment\";s:6:\"scroll\";s:15:\"background-type\";s:0:\"\";s:16:\"background-media\";s:0:\"\";s:12:\"overlay-type\";s:0:\"\";s:13:\"overlay-color\";s:0:\"\";s:15:\"overlay-opacity\";s:0:\"\";s:16:\"overlay-gradient\";s:0:\"\";}s:6:\"tablet\";a:12:{s:16:\"background-color\";s:0:\"\";s:16:\"background-image\";s:0:\"\";s:17:\"background-repeat\";s:6:\"repeat\";s:19:\"background-position\";s:13:\"center center\";s:15:\"background-size\";s:4:\"auto\";s:21:\"background-attachment\";s:6:\"scroll\";s:15:\"background-type\";s:0:\"\";s:16:\"background-media\";s:0:\"\";s:12:\"overlay-type\";s:0:\"\";s:13:\"overlay-color\";s:0:\"\";s:15:\"overlay-opacity\";s:0:\"\";s:16:\"overlay-gradient\";s:0:\"\";}s:6:\"mobile\";a:12:{s:16:\"background-color\";s:0:\"\";s:16:\"background-image\";s:0:\"\";s:17:\"background-repeat\";s:6:\"repeat\";s:19:\"background-position\";s:13:\"center center\";s:15:\"background-size\";s:4:\"auto\";s:21:\"background-attachment\";s:6:\"scroll\";s:15:\"background-type\";s:0:\"\";s:16:\"background-media\";s:0:\"\";s:12:\"overlay-type\";s:0:\"\";s:13:\"overlay-color\";s:0:\"\";s:15:\"overlay-opacity\";s:0:\"\";s:16:\"overlay-gradient\";s:0:\"\";}}"],"ast-content-background-meta":["a:3:{s:7:\"desktop\";a:12:{s:16:\"background-color\";s:25:\"var(--ast-global-color-5)\";s:16:\"background-image\";s:0:\"\";s:17:\"background-repeat\";s:6:\"repeat\";s:19:\"background-position\";s:13:\"center center\";s:15:\"background-size\";s:4:\"auto\";s:21:\"background-attachment\";s:6:\"scroll\";s:15:\"background-type\";s:0:\"\";s:16:\"background-media\";s:0:\"\";s:12:\"overlay-type\";s:0:\"\";s:13:\"overlay-color\";s:0:\"\";s:15:\"overlay-opacity\";s:0:\"\";s:16:\"overlay-gradient\";s:0:\"\";}s:6:\"tablet\";a:12:{s:16:\"background-color\";s:25:\"var(--ast-global-color-5)\";s:16:\"background-image\";s:0:\"\";s:17:\"background-repeat\";s:6:\"repeat\";s:19:\"background-position\";s:13:\"center center\";s:15:\"background-size\";s:4:\"auto\";s:21:\"background-attachment\";s:6:\"scroll\";s:15:\"background-type\";s:0:\"\";s:16:\"background-media\";s:0:\"\";s:12:\"overlay-type\";s:0:\"\";s:13:\"overlay-color\";s:0:\"\";s:15:\"overlay-opacity\";s:0:\"\";s:16:\"overlay-gradient\";s:0:\"\";}s:6:\"mobile\";a:12:{s:16:\"background-color\";s:25:\"var(--ast-global-color-5)\";s:16:\"background-image\";s:0:\"\";s:17:\"background-repeat\";s:6:\"repeat\";s:19:\"background-position\";s:13:\"center center\";s:15:\"background-size\";s:4:\"auto\";s:21:\"background-attachment\";s:6:\"scroll\";s:15:\"background-type\";s:0:\"\";s:16:\"background-media\";s:0:\"\";s:12:\"overlay-type\";s:0:\"\";s:13:\"overlay-color\";s:0:\"\";s:15:\"overlay-opacity\";s:0:\"\";s:16:\"overlay-gradient\";s:0:\"\";}}"],"_EventAllDay":[""],"_EventTimezone":[""],"_EventStartDate":[""],"_EventEndDate":[""],"_EventStartDateUTC":[""],"_EventEndDateUTC":[""],"_EventShowMap":[""],"_EventShowMapLink":[""],"_EventURL":[""],"_EventCost":[""],"_EventCostDescription":[""],"_EventCurrencySymbol":[""],"_EventCurrencyCode":[""],"_EventCurrencyPosition":[""],"_EventDateTimeSeparator":[""],"_EventTimeRangeSeparator":[""],"_OrganizerEmail":[""],"_OrganizerPhone":[""],"_OrganizerWebsite":[""],"_VenueAddress":[""],"_VenueCity":[""],"_VenueCountry":[""],"_VenueProvince":[""],"_VenueState":[""],"_VenueZip":[""],"_VenuePhone":[""],"_VenueURL":[""],"_VenueStateProvince":[""],"_VenueLat":[""],"_VenueLng":[""],"_VenueShowMap":[""],"_VenueShowMapLink":[""],"footnotes":[""],"_edit_last":["1"],"_yoast_wpseo_content_score":["30"],"_yoast_wpseo_estimated-reading-time-minutes":["4"],"_uag_page_assets":["a:9:{s:3:\"css\";s:0:\"\";s:2:\"js\";s:0:\"\";s:18:\"current_block_list\";a:11:{i:0;s:14:\"core\/paragraph\";i:1;s:9:\"core\/list\";i:2;s:14:\"core\/list-item\";i:3;s:14:\"core\/separator\";i:4;s:11:\"core\/search\";i:5;s:10:\"core\/group\";i:6;s:12:\"core\/heading\";i:7;s:17:\"core\/latest-posts\";i:8;s:20:\"core\/latest-comments\";i:9;s:13:\"core\/archives\";i:10;s:15:\"core\/categories\";}s:8:\"uag_flag\";b:0;s:11:\"uag_version\";s:10:\"1775726286\";s:6:\"gfonts\";a:0:{}s:10:\"gfonts_url\";s:0:\"\";s:12:\"gfonts_files\";a:0:{}s:14:\"uag_faq_layout\";b:0;}"]},"uagb_featured_image_src":{"full":false,"thumbnail":false,"medium":false,"medium_large":false,"large":false,"1536x1536":false,"2048x2048":false,"trp-custom-language-flag":false},"uagb_author_info":{"display_name":"Drue Jaramillo","author_link":"https:\/\/hranational.org\/es\/author\/cto\/"},"uagb_comment_info":0,"uagb_excerpt":"Privacy Policy This privacy policy applies to the COGSmart app (hereby referred to as &#8220;Application&#8221;) for mobile devices that was created by Hispanic Restaurant Association (hereby referred to as &#8220;Service Provider&#8221;) as a Free service. This service is intended for use &#8220;AS IS&#8221;. Information Collection and Use The Application collects [&hellip;]","_links":{"self":[{"href":"https:\/\/hranational.org\/es\/wp-json\/wp\/v2\/pages\/3264","targetHints":{"allow":["GET"]}}],"collection":[{"href":"https:\/\/hranational.org\/es\/wp-json\/wp\/v2\/pages"}],"about":[{"href":"https:\/\/hranational.org\/es\/wp-json\/wp\/v2\/types\/page"}],"author":[{"embeddable":true,"href":"https:\/\/hranational.org\/es\/wp-json\/wp\/v2\/users\/1"}],"replies":[{"embeddable":true,"href":"https:\/\/hranational.org\/es\/wp-json\/wp\/v2\/comments?post=3264"}],"version-history":[{"count":1,"href":"https:\/\/hranational.org\/es\/wp-json\/wp\/v2\/pages\/3264\/revisions"}],"predecessor-version":[{"id":3265,"href":"https:\/\/hranational.org\/es\/wp-json\/wp\/v2\/pages\/3264\/revisions\/3265"}],"wp:attachment":[{"href":"https:\/\/hranational.org\/es\/wp-json\/wp\/v2\/media?parent=3264"}],"curies":[{"name":"wp","href":"https:\/\/api.w.org\/{rel}","templated":true}]}}