{"id":1070,"date":"2024-07-18T19:32:10","date_gmt":"2024-07-18T19:32:10","guid":{"rendered":"https:\/\/website-ef80da83.nsz.rbc.mybluehost.me\/?page_id=1070"},"modified":"2024-07-20T01:46:33","modified_gmt":"2024-07-20T01:46:33","slug":"consulting","status":"publish","type":"page","link":"https:\/\/hranational.org\/es\/consulting\/","title":{"rendered":"Consultante"},"content":{"rendered":"<div class=\"wp-block-uagb-container uagb-block-42b44cd2 alignfull uagb-is-root-container\"><div class=\"uagb-container-inner-blocks-wrap\">\n<div class=\"wp-block-uagb-advanced-heading uagb-block-b9b33c47\"><h1 class=\"uagb-heading-text\">Consultante<\/h1><p class=\"uagb-desc-text\">Libere todo el potencial de su restaurante con nuestra orientaci\u00f3n experta y soluciones personalizadas.<\/p><\/div>\n<\/div><\/div>\n\n\n\n<div class=\"wp-block-uagb-container uagb-block-m8xgx2ao alignfull uagb-is-root-container\"><div class=\"uagb-container-inner-blocks-wrap\">\n<div class=\"wp-block-uagb-info-box uagb-block-hmbsgd3z uagb-infobox__content-wrap  uagb-infobox-icon-above-title uagb-infobox-image-valign-top\"><div class=\"uagb-ifb-content\"><div class=\"uagb-ifb-title-wrap\"><h2 class=\"uagb-ifb-title\">Soluciones personalizadas para su negocio<\/h2><\/div><p class=\"uagb-ifb-desc\">Navegue por las complejidades de la industria de restaurantes con confianza, respaldado por nuestro equipo de expertos experimentados. Desde la optimizaci\u00f3n del men\u00fa y la eficiencia operativa hasta las estrategias de marketing y la planificaci\u00f3n financiera, ofrecemos soluciones integrales adaptadas a los desaf\u00edos y oportunidades \u00fanicos de los restaurantes de propiedad hispana.<\/p><\/div><\/div>\n\n\n\n<div class=\"wp-block-uagb-container uagb-block-vcyxrdhx\">\n<div class=\"wp-block-uagb-container uagb-block-wlwtcevg\">\n<div class=\"alignleft wp-block-uagb-image uagb-block-ady8gxoo wp-block-uagb-image--layout-default wp-block-uagb-image--effect-static wp-block-uagb-image--align-left\"><figure class=\"wp-block-uagb-image__figure\"><img decoding=\"async\" srcset=\"https:\/\/hra-web-uploads.s3.amazonaws.com\/hranational\/uploads\/2024\/07\/pexels-fauxels-3184292-scaled-1-1024x576.jpg ,https:\/\/hra-web-uploads.s3.amazonaws.com\/hranational\/uploads\/2024\/07\/pexels-fauxels-3184292-scaled-1.jpg 780w, https:\/\/hra-web-uploads.s3.amazonaws.com\/hranational\/uploads\/2024\/07\/pexels-fauxels-3184292-scaled-1.jpg 360w\" sizes=\"auto, (max-width: 480px) 150px\" src=\"https:\/\/hra-web-uploads.s3.amazonaws.com\/hranational\/uploads\/2024\/07\/pexels-fauxels-3184292-scaled-1-1024x576.jpg\" alt=\"\" class=\"uag-image-1042\" width=\"600\" height=\"450\" title=\"pexels-fauxels-3184292-escalado\" loading=\"lazy\" role=\"img\"\/><\/figure><\/div>\n<\/div>\n\n\n\n<div class=\"wp-block-uagb-container uagb-block-qsvatbtf\">\n<div class=\"wp-block-uagb-info-box uagb-block-zffgixdq uagb-infobox__content-wrap  uagb-infobox-icon-above-title uagb-infobox-image-valign-top\"><div class=\"uagb-ifb-content\"><div class=\"uagb-ifb-title-wrap\"><p class=\"uagb-ifb-title-prefix\">01<\/p><h3 class=\"uagb-ifb-title\">An\u00e1lisis de desempe\u00f1o empresarial<\/h3><\/div><p class=\"uagb-ifb-desc\">Obtenga informaci\u00f3n detallada sobre las operaciones de su restaurante con nuestro an\u00e1lisis integral del desempe\u00f1o comercial. Evaluaremos m\u00e9tricas clave, identificaremos \u00e1reas de mejora y brindaremos recomendaciones pr\u00e1cticas para mejorar sus resultados.<\/p><\/div><\/div>\n\n\n\n<div class=\"wp-block-uagb-buttons uagb-buttons__outer-wrap uagb-btn__default-btn uagb-btn-tablet__default-btn uagb-btn-mobile__default-btn uagb-block-pxonpxyu\"><div class=\"uagb-buttons__wrap uagb-buttons-layout-wrap\">\n<div class=\"wp-block-uagb-buttons-child uagb-buttons__outer-wrap uagb-block-2g4zg47g wp-block-button\"><div class=\"uagb-button__wrapper\"><a class=\"uagb-buttons-repeater wp-block-button__link\" aria-label=\"\" href=\"\/es\/contact\/\" rel=\"follow noopener\" target=\"_self\" role=\"button\"><div class=\"uagb-button__link\">Cont\u00e1ctenos<\/div><span class=\"uagb-button__icon uagb-button__icon-position-after\"><svg xmlns=\"https:\/\/www.w3.org\/2000\/svg\" viewbox=\"0 0 320 512\" aria-hidden=\"true\" focussable=\"false\"><path d=\"M96 480c-8.188 0-16.38-3.125-22.62-9.375c-12.5-12.5-12.5-32.75 0-45.25L242.8 256L73.38 86.63c-12.5-12.5-12.5-32.75 0-45.25s32.75-12.5 45.25 0l192 192c12.5 12.5 12.5 32.75 0 45.25l-192 192C112.4 476.9 104.2 480 96 480z\"><\/path><\/svg><\/span><\/a><\/div><\/div>\n<\/div><\/div>\n<\/div>\n\n\n\n<div class=\"wp-block-uagb-container uagb-block-ipvlrbjf\">\n<div class=\"wp-block-uagb-info-box uagb-block-bsoxtgoj uagb-infobox__content-wrap  uagb-infobox-icon-above-title uagb-infobox-image-valign-top\"><div class=\"uagb-ifb-content\"><div class=\"uagb-ifb-title-wrap\"><p class=\"uagb-ifb-title-prefix\">02<\/p><h3 class=\"uagb-ifb-title\">Men\u00fa Ingenier\u00eda<\/h3><\/div><p class=\"uagb-ifb-desc\">Optimice su men\u00fa para obtener rentabilidad y satisfacci\u00f3n del cliente con nuestros servicios expertos de ingenier\u00eda de men\u00fas. Analizaremos el rendimiento de los art\u00edculos, las estrategias de precios y los elementos de dise\u00f1o para crear un men\u00fa que impulse las ventas y mejore la experiencia gastron\u00f3mica.<\/p><\/div><\/div>\n\n\n\n<div class=\"wp-block-uagb-buttons uagb-buttons__outer-wrap uagb-btn__default-btn uagb-btn-tablet__default-btn uagb-btn-mobile__default-btn uagb-block-lnedf4ye\"><div class=\"uagb-buttons__wrap uagb-buttons-layout-wrap\">\n<div class=\"wp-block-uagb-buttons-child uagb-buttons__outer-wrap uagb-block-pcdhrsmf wp-block-button\"><div class=\"uagb-button__wrapper\"><a class=\"uagb-buttons-repeater wp-block-button__link\" aria-label=\"\" href=\"\/es\/contact\/\" rel=\"follow noopener\" target=\"_self\" role=\"button\"><div class=\"uagb-button__link\">Cont\u00e1ctenos<\/div><span class=\"uagb-button__icon uagb-button__icon-position-after\"><svg xmlns=\"https:\/\/www.w3.org\/2000\/svg\" viewbox=\"0 0 320 512\" aria-hidden=\"true\" focussable=\"false\"><path d=\"M96 480c-8.188 0-16.38-3.125-22.62-9.375c-12.5-12.5-12.5-32.75 0-45.25L242.8 256L73.38 86.63c-12.5-12.5-12.5-32.75 0-45.25s32.75-12.5 45.25 0l192 192c12.5 12.5 12.5 32.75 0 45.25l-192 192C112.4 476.9 104.2 480 96 480z\"><\/path><\/svg><\/span><\/a><\/div><\/div>\n<\/div><\/div>\n<\/div>\n\n\n\n<div class=\"wp-block-uagb-container uagb-block-nvqaatii\">\n<div class=\"alignleft wp-block-uagb-image uagb-block-6zb4hfir wp-block-uagb-image--layout-default wp-block-uagb-image--effect-static wp-block-uagb-image--align-left\"><figure class=\"wp-block-uagb-image__figure\"><img decoding=\"async\" srcset=\"https:\/\/hra-web-uploads.s3.amazonaws.com\/hranational\/uploads\/2024\/07\/pexels-solliefoto-313700-1024x683.jpg ,https:\/\/hra-web-uploads.s3.amazonaws.com\/hranational\/uploads\/2024\/07\/pexels-solliefoto-313700-scaled.jpg 780w, https:\/\/hra-web-uploads.s3.amazonaws.com\/hranational\/uploads\/2024\/07\/pexels-solliefoto-313700-scaled.jpg 360w\" sizes=\"auto, (max-width: 480px) 150px\" src=\"https:\/\/hra-web-uploads.s3.amazonaws.com\/hranational\/uploads\/2024\/07\/pexels-solliefoto-313700-1024x683.jpg\" alt=\"\" class=\"uag-image-854\" width=\"600\" height=\"450\" title=\"pexels-solliefoto-313700\" loading=\"lazy\" role=\"img\"\/><\/figure><\/div>\n<\/div>\n\n\n\n<div class=\"wp-block-uagb-container uagb-block-poaknjn3\">\n<div class=\"wp-block-uagb-image uagb-block-6aee109e wp-block-uagb-image--layout-default wp-block-uagb-image--effect-static wp-block-uagb-image--align-none\"><figure class=\"wp-block-uagb-image__figure\"><img decoding=\"async\" srcset=\"https:\/\/hra-web-uploads.s3.amazonaws.com\/hranational\/uploads\/2024\/07\/pexels-photo-19856575-19856575-1024x683.jpg ,https:\/\/hra-web-uploads.s3.amazonaws.com\/hranational\/uploads\/2024\/07\/pexels-photo-19856575-19856575.jpg 780w, https:\/\/hra-web-uploads.s3.amazonaws.com\/hranational\/uploads\/2024\/07\/pexels-photo-19856575-19856575.jpg 360w\" sizes=\"auto, (max-width: 480px) 150px\" src=\"https:\/\/hra-web-uploads.s3.amazonaws.com\/hranational\/uploads\/2024\/07\/pexels-photo-19856575-19856575-1024x683.jpg\" alt=\"pexels-photo-19856575-19856575.jpg\" class=\"uag-image-1078\" width=\"1024\" height=\"683\" title=\"pexels-foto-19856575-19856575\" loading=\"lazy\" role=\"img\"\/><\/figure><\/div>\n<\/div>\n\n\n\n<div class=\"wp-block-uagb-container uagb-block-s9qzogw7\">\n<div class=\"wp-block-uagb-info-box uagb-block-ijpnwqup uagb-infobox__content-wrap  uagb-infobox-icon-above-title uagb-infobox-image-valign-top\"><div class=\"uagb-ifb-content\"><div class=\"uagb-ifb-title-wrap\"><p class=\"uagb-ifb-title-prefix\">03<\/p><h3 class=\"uagb-ifb-title\">Planificaci\u00f3n de la estrategia de expansi\u00f3n<\/h3><\/div><p class=\"uagb-ifb-desc\">Convierta sus aspiraciones de crecimiento en realidad con nuestra planificaci\u00f3n de estrategia de expansi\u00f3n personalizada. Evaluaremos las oportunidades de mercado, desarrollaremos modelos operativos escalables y crearemos una hoja de ruta para una expansi\u00f3n exitosa, ya sea que est\u00e9 buscando abrir nuevas ubicaciones o explorar opciones de franquicia.<\/p><\/div><\/div>\n\n\n\n<div class=\"wp-block-uagb-buttons uagb-buttons__outer-wrap uagb-btn__default-btn uagb-btn-tablet__default-btn uagb-btn-mobile__default-btn uagb-block-qwxj4x4p\"><div class=\"uagb-buttons__wrap uagb-buttons-layout-wrap\">\n<div class=\"wp-block-uagb-buttons-child uagb-buttons__outer-wrap uagb-block-e7nnux6y wp-block-button\"><div class=\"uagb-button__wrapper\"><a class=\"uagb-buttons-repeater wp-block-button__link\" aria-label=\"\" href=\"\/es\/contact\/\" rel=\"follow noopener\" target=\"_self\" role=\"button\"><div class=\"uagb-button__link\">Cont\u00e1ctenos<\/div><span class=\"uagb-button__icon uagb-button__icon-position-after\"><svg xmlns=\"https:\/\/www.w3.org\/2000\/svg\" viewbox=\"0 0 320 512\" aria-hidden=\"true\" focussable=\"false\"><path d=\"M96 480c-8.188 0-16.38-3.125-22.62-9.375c-12.5-12.5-12.5-32.75 0-45.25L242.8 256L73.38 86.63c-12.5-12.5-12.5-32.75 0-45.25s32.75-12.5 45.25 0l192 192c12.5 12.5 12.5 32.75 0 45.25l-192 192C112.4 476.9 104.2 480 96 480z\"><\/path><\/svg><\/span><\/a><\/div><\/div>\n<\/div><\/div>\n<\/div>\n\n\n\n<div class=\"wp-block-uagb-container uagb-block-157ed01c\">\n<div class=\"wp-block-uagb-info-box uagb-block-8f57f95f uagb-infobox__content-wrap  uagb-infobox-icon-above-title uagb-infobox-image-valign-top\"><div class=\"uagb-ifb-content\"><div class=\"uagb-ifb-title-wrap\"><p class=\"uagb-ifb-title-prefix\">04<\/p><h3 class=\"uagb-ifb-title\">Gu\u00eda de integraci\u00f3n tecnol\u00f3gica<\/h3><\/div><p class=\"uagb-ifb-desc\">Mant\u00e9ngase a la vanguardia con nuestra gu\u00eda de integraci\u00f3n de tecnolog\u00eda, dise\u00f1ada para optimizar sus operaciones y mejorar las experiencias de los clientes. Lo ayudaremos a navegar por las \u00faltimas tecnolog\u00edas para restaurantes, desde sistemas POS y herramientas de administraci\u00f3n de inventario hasta plataformas de pedidos en l\u00ednea y programas de fidelizaci\u00f3n de clientes.<\/p><\/div><\/div>\n\n\n\n<div class=\"wp-block-uagb-buttons uagb-buttons__outer-wrap uagb-btn__default-btn uagb-btn-tablet__default-btn uagb-btn-mobile__default-btn uagb-block-f7bb0ad5\"><div class=\"uagb-buttons__wrap uagb-buttons-layout-wrap\">\n<div class=\"wp-block-uagb-buttons-child uagb-buttons__outer-wrap uagb-block-05b55d6d wp-block-button\"><div class=\"uagb-button__wrapper\"><a class=\"uagb-buttons-repeater wp-block-button__link\" aria-label=\"\" href=\"\/es\/contact\/\" rel=\"follow noopener\" target=\"_self\" role=\"button\"><div class=\"uagb-button__link\">Cont\u00e1ctenos<\/div><span class=\"uagb-button__icon uagb-button__icon-position-after\"><svg xmlns=\"https:\/\/www.w3.org\/2000\/svg\" viewbox=\"0 0 320 512\" aria-hidden=\"true\" focussable=\"false\"><path d=\"M96 480c-8.188 0-16.38-3.125-22.62-9.375c-12.5-12.5-12.5-32.75 0-45.25L242.8 256L73.38 86.63c-12.5-12.5-12.5-32.75 0-45.25s32.75-12.5 45.25 0l192 192c12.5 12.5 12.5 32.75 0 45.25l-192 192C112.4 476.9 104.2 480 96 480z\"><\/path><\/svg><\/span><\/a><\/div><\/div>\n<\/div><\/div>\n<\/div>\n\n\n\n<div class=\"wp-block-uagb-container uagb-block-097a000e\">\n<div class=\"alignleft wp-block-uagb-image uagb-block-c5bc006b wp-block-uagb-image--layout-default wp-block-uagb-image--effect-static wp-block-uagb-image--align-left\"><figure class=\"wp-block-uagb-image__figure\"><img decoding=\"async\" srcset=\"https:\/\/hra-web-uploads.s3.amazonaws.com\/hranational\/uploads\/2024\/07\/pexels-cottonbro-5082579-1024x683.jpg ,https:\/\/hra-web-uploads.s3.amazonaws.com\/hranational\/uploads\/2024\/07\/pexels-cottonbro-5082579-scaled.jpg 780w, https:\/\/hra-web-uploads.s3.amazonaws.com\/hranational\/uploads\/2024\/07\/pexels-cottonbro-5082579-scaled.jpg 360w\" sizes=\"auto, (max-width: 480px) 150px\" src=\"https:\/\/hra-web-uploads.s3.amazonaws.com\/hranational\/uploads\/2024\/07\/pexels-cottonbro-5082579-1024x683.jpg\" alt=\"\" class=\"uag-image-831\" width=\"600\" height=\"450\" title=\"pexels-cottonbro-5082579\" loading=\"lazy\" role=\"img\"\/><\/figure><\/div>\n<\/div>\n<\/div>\n<\/div><\/div>\n\n\n\n<div class=\"wp-block-uagb-container uagb-block-9528cd23 alignfull uagb-is-root-container\"><div class=\"uagb-container-inner-blocks-wrap\">\n<div class=\"wp-block-uagb-container uagb-block-3b051e30\">\n<div class=\"wp-block-uagb-info-box uagb-block-69f5f716 uagb-infobox__content-wrap  uagb-infobox-icon-above-title uagb-infobox-image-valign-top\"><div class=\"uagb-ifb-content\"><div class=\"uagb-ifb-title-wrap\"><h2 class=\"uagb-ifb-title\">Ay\u00fadanos a alcanzar nuestras metas<\/h2><\/div><p class=\"uagb-ifb-desc\">Contribuir a nuestra visi\u00f3n de educar y elevar a la comunidad hispana en un espectro multigeneracional.<br><a href=\"https:\/\/donorbox.org\/hra-donation\" target=\"_blank\" rel=\"noreferrer noopener\"><\/a><\/p><div class=\"uagb-ifb-button-wrapper wp-block-button\"><a href=\"https:\/\/donorbox.org\/hra-donation\" class=\"uagb-infobox-cta-link wp-block-button__link\" target=\"_blank\" rel=\"noopener noreferrer\" onclick=\"return true;\"><span class=\"uagb-inline-editing\">Done ahora<\/span><\/a><\/div><\/div><\/div>\n<\/div>\n<\/div><\/div>","protected":false},"excerpt":{"rendered":"<p>Consultor\u00eda Descubra todo el potencial de su restaurante con nuestra orientaci\u00f3n experta y soluciones personalizadas.<\/p>","protected":false},"author":1,"featured_media":0,"parent":0,"menu_order":0,"comment_status":"closed","ping_status":"closed","template":"","meta":{"content-type":"","_uag_custom_page_level_css":"","site-sidebar-layout":"default","site-content-layout":"","ast-site-content-layout":"default","site-content-style":"default","site-sidebar-style":"default","ast-global-header-display":"","ast-banner-title-visibility":"","ast-main-header-display":"","ast-hfb-above-header-display":"","ast-hfb-below-header-display":"","ast-hfb-mobile-header-display":"","site-post-title":"","ast-breadcrumbs-content":"","ast-featured-img":"","footer-sml-layout":"","ast-disable-related-posts":"","theme-transparent-header-meta":"","adv-header-id-meta":"","stick-header-meta":"","header-above-stick-meta":"","header-main-stick-meta":"","header-below-stick-meta":"","astra-migrate-meta-layouts":"set","ast-page-background-enabled":"default","ast-page-background-meta":{"desktop":{"background-color":"var(--ast-global-color-4)","background-image":"","background-repeat":"repeat","background-position":"center center","background-size":"auto","background-attachment":"scroll","background-type":"","background-media":"","overlay-type":"","overlay-color":"","overlay-opacity":"","overlay-gradient":""},"tablet":{"background-color":"","background-image":"","background-repeat":"repeat","background-position":"center center","background-size":"auto","background-attachment":"scroll","background-type":"","background-media":"","overlay-type":"","overlay-color":"","overlay-opacity":"","overlay-gradient":""},"mobile":{"background-color":"","background-image":"","background-repeat":"repeat","background-position":"center center","background-size":"auto","background-attachment":"scroll","background-type":"","background-media":"","overlay-type":"","overlay-color":"","overlay-opacity":"","overlay-gradient":""}},"ast-content-background-meta":{"desktop":{"background-color":"var(--ast-global-color-5)","background-image":"","background-repeat":"repeat","background-position":"center center","background-size":"auto","background-attachment":"scroll","background-type":"","background-media":"","overlay-type":"","overlay-color":"","overlay-opacity":"","overlay-gradient":""},"tablet":{"background-color":"var(--ast-global-color-5)","background-image":"","background-repeat":"repeat","background-position":"center center","background-size":"auto","background-attachment":"scroll","background-type":"","background-media":"","overlay-type":"","overlay-color":"","overlay-opacity":"","overlay-gradient":""},"mobile":{"background-color":"var(--ast-global-color-5)","background-image":"","background-repeat":"repeat","background-position":"center center","background-size":"auto","background-attachment":"scroll","background-type":"","background-media":"","overlay-type":"","overlay-color":"","overlay-opacity":"","overlay-gradient":""}},"footnotes":""},"class_list":["post-1070","page","type-page","status-publish","hentry"],"spectra_custom_meta":{"_wpcom_is_markdown":["1"],"_thumbnail_id":["0"],"_edit_lock":["1721440022:1"],"nf_dc_page":[""],"_uag_custom_page_level_css":[""],"ast-site-content-layout":["default"],"theme-transparent-header-meta":[""],"adv-header-id-meta":[""],"stick-header-meta":[""],"astra-migrate-meta-layouts":["set"],"_EventAllDay":[""],"_EventTimezone":[""],"_EventStartDate":[""],"_EventEndDate":[""],"_EventStartDateUTC":[""],"_EventEndDateUTC":[""],"_EventShowMap":[""],"_EventShowMapLink":[""],"_EventURL":[""],"_EventCost":[""],"_EventCostDescription":[""],"_EventCurrencySymbol":[""],"_EventCurrencyCode":[""],"_EventCurrencyPosition":[""],"_EventDateTimeSeparator":[""],"_EventTimeRangeSeparator":[""],"_OrganizerEmail":[""],"_OrganizerPhone":[""],"_OrganizerWebsite":[""],"_VenueAddress":[""],"_VenueCity":[""],"_VenueCountry":[""],"_VenueProvince":[""],"_VenueState":[""],"_VenueZip":[""],"_VenuePhone":[""],"_VenueURL":[""],"_VenueStateProvince":[""],"_VenueLat":[""],"_VenueLng":[""],"_VenueShowMap":[""],"_VenueShowMapLink":[""],"footnotes":[""],"_edit_last":["1"],"_yoast_wpseo_content_score":["90"],"_yoast_wpseo_estimated-reading-time-minutes":["2"],"astra_style_timestamp_css":["1721839227"],"_uag_css_file_name":["uag-css-1070.css"],"_uag_js_file_name":["uag-js-1070.js"]},"uagb_featured_image_src":{"full":false,"thumbnail":false,"medium":false,"medium_large":false,"large":false,"1536x1536":false,"2048x2048":false,"trp-custom-language-flag":false},"uagb_author_info":{"display_name":"Drue Jaramillo","author_link":"https:\/\/hranational.org\/es\/author\/cto\/"},"uagb_comment_info":0,"uagb_excerpt":"Consulting Unlock your restaurant&#8217;s full potential with our expert guidance and tailored solutions.","_links":{"self":[{"href":"https:\/\/hranational.org\/es\/wp-json\/wp\/v2\/pages\/1070","targetHints":{"allow":["GET"]}}],"collection":[{"href":"https:\/\/hranational.org\/es\/wp-json\/wp\/v2\/pages"}],"about":[{"href":"https:\/\/hranational.org\/es\/wp-json\/wp\/v2\/types\/page"}],"author":[{"embeddable":true,"href":"https:\/\/hranational.org\/es\/wp-json\/wp\/v2\/users\/1"}],"replies":[{"embeddable":true,"href":"https:\/\/hranational.org\/es\/wp-json\/wp\/v2\/comments?post=1070"}],"version-history":[{"count":0,"href":"https:\/\/hranational.org\/es\/wp-json\/wp\/v2\/pages\/1070\/revisions"}],"wp:attachment":[{"href":"https:\/\/hranational.org\/es\/wp-json\/wp\/v2\/media?parent=1070"}],"curies":[{"name":"wp","href":"https:\/\/api.w.org\/{rel}","templated":true}]}}